{"id":1177,"date":"2016-10-04T16:00:50","date_gmt":"2016-10-04T15:00:50","guid":{"rendered":"http:\/\/www.vestibulus.com\/?page_id=1177"},"modified":"2020-09-30T19:05:28","modified_gmt":"2020-09-30T18:05:28","slug":"devis-logiciels__trashed","status":"publish","type":"page","link":"http:\/\/www.vestibulus.com\/?page_id=1177","title":{"rendered":"Devis"},"content":{"rendered":"<div class=\"vc_row row\"  >\n\t<div class=\"vc_col-sm-12 wpb_column vc_column_container \">\n\t\t<div class=\"wpb_wrapper\">\n\t\t\t\n\t<div class=\"wpb_text_column wpb_content_element \">\n\t\t<div class=\"wpb_wrapper\">\n\t\t\t<h1>Recevez votre\u00a0devis Vestibulus<\/h1>\n\n\t\t<\/div> \n\t<\/div> \n\t\t<\/div> \n\t<\/div> \n<\/div><div class=\"vc_row-full-width\"><\/div>\t<div class=\"vc_row row\"  >\n\t<div class=\"vc_col-sm-12 wpb_column vc_column_container \">\n\t\t<div class=\"wpb_wrapper\">\n\t\t\t\n\t<div class=\"wpb_text_column wpb_content_element \">\n\t\t<div class=\"wpb_wrapper\">\n\t\t\t<p>Merci de remplir ce formulaire pour recevoir par email votre devis.<br \/>\nLes champs avec * sont obligatoires.<\/p>\n<div role=\"form\" class=\"wpcf7\" id=\"wpcf7-f1228-o1\" lang=\"fr-FR\" dir=\"ltr\">\n<div class=\"screen-reader-response\" role=\"alert\" aria-live=\"polite\"><\/div>\n<form action=\"\/index.php?rest_route=%2Fwp%2Fv2%2Fpages%2F1177#wpcf7-f1228-o1\" method=\"post\" class=\"wpcf7-form init\" novalidate=\"novalidate\">\n<div style=\"display: none;\">\n<input type=\"hidden\" name=\"_wpcf7\" value=\"1228\" \/>\n<input type=\"hidden\" name=\"_wpcf7_version\" value=\"5.2.2\" \/>\n<input type=\"hidden\" name=\"_wpcf7_locale\" value=\"fr_FR\" \/>\n<input type=\"hidden\" name=\"_wpcf7_unit_tag\" value=\"wpcf7-f1228-o1\" \/>\n<input type=\"hidden\" name=\"_wpcf7_container_post\" value=\"0\" \/>\n<input type=\"hidden\" name=\"_wpcf7_posted_data_hash\" value=\"\" \/>\n<\/div>\n<p><b>Votre pr\u00e9nom*<\/b><br \/>\n    <span class=\"wpcf7-form-control-wrap your-name\"><input type=\"text\" name=\"your-name\" value=\"\" size=\"40\" class=\"wpcf7-form-control wpcf7-text wpcf7-validates-as-required\" aria-required=\"true\" aria-invalid=\"false\" \/><\/span> <\/p>\n<p><b>Votre nom*<\/b><br \/>\n<span class=\"wpcf7-form-control-wrap your-nom\"><input type=\"text\" name=\"your-nom\" value=\"\" size=\"40\" class=\"wpcf7-form-control wpcf7-text wpcf7-validates-as-required\" aria-required=\"true\" aria-invalid=\"false\" \/><\/span>\n <\/p>\n<p><b>Votre email*<\/b><br \/>\n    <span class=\"wpcf7-form-control-wrap your-email\"><input type=\"email\" name=\"your-email\" value=\"\" size=\"40\" class=\"wpcf7-form-control wpcf7-text wpcf7-email wpcf7-validates-as-required wpcf7-validates-as-email\" aria-required=\"true\" aria-invalid=\"false\" \/><\/span>\n <\/p>\n<p><b>Votre num\u00e9ro de t\u00e9l\u00e9phone pour vous joindre *<\/b><br \/>\n<span class=\"wpcf7-form-control-wrap tel-613\"><input type=\"tel\" name=\"tel-613\" value=\"\" size=\"40\" class=\"wpcf7-form-control wpcf7-text wpcf7-tel wpcf7-validates-as-required wpcf7-validates-as-tel\" aria-required=\"true\" aria-invalid=\"false\" \/><\/span>\n<\/p>\n<p><b>Votre profession *<\/b><br \/>\n<span class=\"wpcf7-form-control-wrap profession-125\"><input type=\"text\" name=\"profession-125\" value=\"\" size=\"40\" class=\"wpcf7-form-control wpcf7-text wpcf7-validates-as-required\" aria-required=\"true\" aria-invalid=\"false\" \/><\/span>\n<\/p>\n<p><b>Votre adresse *<\/b><br \/>\n<span class=\"wpcf7-form-control-wrap raisonsociale-849\"><textarea name=\"raisonsociale-849\" cols=\"40\" rows=\"10\" class=\"wpcf7-form-control wpcf7-textarea wpcf7-validates-as-required\" aria-required=\"true\" aria-invalid=\"false\"><\/textarea><\/span>\n<\/p>\n<p><br\/><\/p>\n<p><b>Message (facultatif) <\/b><br \/>\n<span class=\"wpcf7-form-control-wrap question-850\"><textarea name=\"question-850\" cols=\"40\" rows=\"10\" class=\"wpcf7-form-control wpcf7-textarea\" aria-invalid=\"false\"><\/textarea><\/span>\n<\/p>\n<p><br\/><\/p>\n<p><input type=\"submit\" value=\"&gt; Je re\u00e7ois un devis pour mon besoin\" class=\"wpcf7-form-control wpcf7-submit\" \/><\/p>\n<div class=\"wpcf7-response-output\" role=\"alert\" aria-hidden=\"true\"><\/div><\/form><\/div>\n\n\t\t<\/div> \n\t<\/div> \n\t\t<\/div> \n\t<\/div> \n<\/div><div class=\"vc_row-full-width\"><\/div>\n","protected":false},"excerpt":{"rendered":"Recevez votre\u00a0devis Vestibulus Merci de remplir ce formulaire pour recevoir par email votre devis. Les champs avec * sont obligatoires. Votre pr\u00e9nom* Votre nom* Votre email* Votre num\u00e9ro de t\u00e9l\u00e9phone pour vous joindre * Votre profession * Votre adresse * Message (facultatif)","protected":false},"author":9,"featured_media":0,"parent":0,"menu_order":0,"comment_status":"open","ping_status":"open","template":"","meta":[],"_links":{"self":[{"href":"http:\/\/www.vestibulus.com\/index.php?rest_route=\/wp\/v2\/pages\/1177"}],"collection":[{"href":"http:\/\/www.vestibulus.com\/index.php?rest_route=\/wp\/v2\/pages"}],"about":[{"href":"http:\/\/www.vestibulus.com\/index.php?rest_route=\/wp\/v2\/types\/page"}],"author":[{"embeddable":true,"href":"http:\/\/www.vestibulus.com\/index.php?rest_route=\/wp\/v2\/users\/9"}],"replies":[{"embeddable":true,"href":"http:\/\/www.vestibulus.com\/index.php?rest_route=%2Fwp%2Fv2%2Fcomments&post=1177"}],"version-history":[{"count":5,"href":"http:\/\/www.vestibulus.com\/index.php?rest_route=\/wp\/v2\/pages\/1177\/revisions"}],"predecessor-version":[{"id":1257,"href":"http:\/\/www.vestibulus.com\/index.php?rest_route=\/wp\/v2\/pages\/1177\/revisions\/1257"}],"wp:attachment":[{"href":"http:\/\/www.vestibulus.com\/index.php?rest_route=%2Fwp%2Fv2%2Fmedia&parent=1177"}],"curies":[{"name":"wp","href":"https:\/\/api.w.org\/{rel}","templated":true}]}}