{"id":73,"date":"2015-05-01T10:33:20","date_gmt":"2015-05-01T09:33:20","guid":{"rendered":"http:\/\/vestibulus.com\/?page_id=73"},"modified":"2020-10-01T10:33:21","modified_gmt":"2020-10-01T09:33:21","slug":"logiciel-vvs-vestivvs","status":"publish","type":"page","link":"http:\/\/www.vestibulus.com\/?page_id=73","title":{"rendered":"VestiVVS"},"content":{"rendered":"<div class=\"vc_row row\"  >\n\t<div class=\"vc_col-sm-6 wpb_column vc_column_container \">\n\t\t<div class=\"wpb_wrapper\">\n\t\t\t\n\t<div class=\"wpb_single_image wpb_content_element vc_align_left\">\n\t\t<div class=\"wpb_wrapper\">\n\t\t\t\n\t\t\t<div class=\"vc_single_image-wrapper   vc_box_border_grey\"><img width=\"555\" height=\"540\" src=\"http:\/\/www.vestibulus.com\/wp-content\/uploads\/2015\/05\/logiciel-vertical-et-horizontal-visuel-subjective-de-r\u00e9\u00e9ducation-vestibulaire-VestiVVS.jpg\" class=\"vc_single_image-img attachment-full\" alt=\"\" loading=\"lazy\" srcset=\"http:\/\/www.vestibulus.com\/wp-content\/uploads\/2015\/05\/logiciel-vertical-et-horizontal-visuel-subjective-de-r\u00e9\u00e9ducation-vestibulaire-VestiVVS.jpg 555w, http:\/\/www.vestibulus.com\/wp-content\/uploads\/2015\/05\/logiciel-vertical-et-horizontal-visuel-subjective-de-r\u00e9\u00e9ducation-vestibulaire-VestiVVS-300x292.jpg 300w\" sizes=\"(max-width: 555px) 100vw, 555px\" \/><\/div>\n\t\t<\/div> \n\t<\/div> \n\t\t<\/div> \n\t<\/div> \n\n\t<div class=\"vc_col-sm-6 wpb_column vc_column_container \">\n\t\t<div class=\"wpb_wrapper\">\n\t\t\t<div class=\"vc_empty_space\"  style=\"height: 170px\" ><span class=\"vc_empty_space_inner\"><\/span><\/div>\n\n\n\t<div class=\"wpb_text_column wpb_content_element \">\n\t\t<div class=\"wpb_wrapper\">\n\t\t\t<h1 style=\"text-align: left;\"><span style=\"color: #519a00;\">VestiVVS logiciel de VVS avec le casque de r\u00e9alit\u00e9 virtuelle Oculus<\/span><\/h1>\n<h2 style=\"text-align: left; font-size: 27px;\">VVS classique, VVS dynamique et Rod &amp; Frame dans le m\u00eame logiciel<\/h2>\n\n\t\t<\/div> \n\t<\/div> \n\t\t<\/div> \n\t<\/div> \n<\/div><div class=\"vc_row-full-width\"><\/div>\t<div class=\"vc_row row\"  >\n\t<div class=\"vc_col-sm-6 wpb_column vc_column_container \">\n\t\t<div class=\"wpb_wrapper\">\n\t\t\t\n\t<div class=\"wpb_text_column wpb_content_element \">\n\t\t<div class=\"wpb_wrapper\">\n\t\t\t<div id=\"new-royalslider-2\" class=\"royalSlider new-royalslider-2 rsDefaultInv rs-default-template\" style=\"width:100%;height:300px;;\">\n<div class=\"rsContent\">\n  <img class=\"rsImg\" src=\"http:\/\/www.vestibulus.com\/wp-content\/uploads\/2015\/06\/Vertical-visuel-subjective-VVS-simple-de-VestiVVS.jpg\" alt=\"Vertical visuel subjective VVS simple de VestiVVS\"\/>\n  \n  \n  \n<\/div>\n<div class=\"rsContent\">\n  <img class=\"rsImg\" src=\"http:\/\/www.vestibulus.com\/wp-content\/uploads\/2015\/06\/Vertical-visuel-subjective-VVS-dynamique-de-VestiVVS.jpg\" alt=\"Vertical visuel subjective VVS dynamique de VestiVVS\"\/>\n  \n  \n  \n<\/div>\n<div class=\"rsContent\">\n  <img class=\"rsImg\" src=\"http:\/\/www.vestibulus.com\/wp-content\/uploads\/2015\/06\/Vertical-visuel-subjective-VVS-rod-and-frame-de-VestiVVS.jpg\" alt=\"Vertical visuel subjective VVS rod and frame de VestiVVS\"\/>\n  \n  \n  \n<\/div>\n\n<\/div>\n\n\n\t\t<\/div> \n\t<\/div> \n\t\t<\/div> \n\t<\/div> \n\n\t<div class=\"vc_col-sm-6 wpb_column vc_column_container \">\n\t\t<div class=\"wpb_wrapper\">\n\t\t\t\n\t<div class=\"wpb_text_column wpb_content_element \">\n\t\t<div class=\"wpb_wrapper\">\n\t\t\t<h2><span style=\"color: #519a00;\">Tout en un<\/span><b><br \/>\n<\/b><\/h2>\n<h3 style=\"font-size: 20px;\">La VVS classique, dynamique et Rod &amp; Frame<\/h3>\n<p>Vous pouvez encha\u00eener les tests ou exercices de r\u00e9\u00e9ducation avec les trois versions de la VVS propos\u00e9s ce qui permet une prise en main facile et un gain de temps appr\u00e9ciable.<\/p>\n\n\t\t<\/div> \n\t<\/div> \n\t\t<\/div> \n\t<\/div> \n<\/div><div class=\"vc_row-full-width\"><\/div>\t<div class=\"vc_row row\"  >\n\t<div class=\"vc_col-sm-6 wpb_column vc_column_container \">\n\t\t<div class=\"wpb_wrapper\">\n\t\t\t\n\t<div class=\"wpb_raw_code wpb_content_element wpb_raw_html\">\n\t\t<div class=\"wpb_wrapper\">\n\t\t\t<iframe width=\"100%\" height=\"315\" src=\"https:\/\/www.youtube.com\/embed\/ICFB19JStPY?rel=0&amp;showinfo=0\" frameborder=\"0\" allowfullscreen><\/iframe>\n\t\t<\/div> \n\t<\/div> \n\t\t<\/div> \n\t<\/div> \n\n\t<div class=\"vc_col-sm-6 wpb_column vc_column_container \">\n\t\t<div class=\"wpb_wrapper\">\n\t\t\t\n\t<div class=\"wpb_text_column wpb_content_element \">\n\t\t<div class=\"wpb_wrapper\">\n\t\t\t<h2><span style=\"color: #519a00;\">Une technologie qui fait parler d&rsquo;elle<\/span><\/h2>\n<h3 style=\"font-size: 20px;\">Vos patients vont parler de cette exp\u00e9rience \u00e0 leur entourage.<\/h3>\n<p>Surprenez vos patients avec du mat\u00e9riel de pointe et ludique qui rappelle les jeux vid\u00e9os et d\u00e9dramatise la s\u00e9ance.<\/p>\n\n\t\t<\/div> \n\t<\/div> \n\t\t<\/div> \n\t<\/div> \n<\/div><div class=\"vc_row-full-width\"><\/div>\t<div class=\"vc_row row\"  >\n\t<div class=\"vc_col-sm-6 wpb_column vc_column_container \">\n\t\t<div class=\"wpb_wrapper\">\n\t\t\t\n\t<div class=\"wpb_text_column wpb_content_element \">\n\t\t<div class=\"wpb_wrapper\">\n\t\t\t<div id=\"new-royalslider-3\" class=\"royalSlider new-royalslider-3 rsDefaultInv rs-default-template\" style=\"width:100%;height:210px;;\">\n<div class=\"rsContent\">\n  <img class=\"rsImg\" src=\"http:\/\/www.vestibulus.com\/wp-content\/uploads\/2015\/06\/reglages-vertical-visuel-subjective-simple-de-VestiVVS1.jpg\" alt=\"reglages-vertical-visuel-subjective-simple-de-VestiVVS\"\/>\n  \n  \n  \n<\/div>\n<div class=\"rsContent\">\n  <img class=\"rsImg\" src=\"http:\/\/www.vestibulus.com\/wp-content\/uploads\/2015\/06\/reglages-vertical-visuel-subjective-dynamique-de-VestiVVS1.jpg\" alt=\"reglages-vertical-visuel-subjective-dynamique-de-VestiVVS\"\/>\n  \n  \n  \n<\/div>\n<div class=\"rsContent\">\n  <img class=\"rsImg\" src=\"http:\/\/www.vestibulus.com\/wp-content\/uploads\/2015\/06\/reglages-vertical-visuel-subjective-rod-and-frame-de-VestiVVS1.jpg\" alt=\"reglages-vertical-visuel-subjective-rod-and-frame-de-VestiVVS\"\/>\n  \n  \n  \n<\/div>\n\n<\/div>\n\n\n\t\t<\/div> \n\t<\/div> \n\t\t<\/div> \n\t<\/div> \n\n\t<div class=\"vc_col-sm-6 wpb_column vc_column_container \">\n\t\t<div class=\"wpb_wrapper\">\n\t\t\t\n\t<div class=\"wpb_text_column wpb_content_element \">\n\t\t<div class=\"wpb_wrapper\">\n\t\t\t<h2><span style=\"color: #519a00;\">R\u00e9glages<\/span><\/h2>\n<h3 style=\"font-size: 20px;\">Vous pouvez tout modifier<\/h3>\n<p>&#8211; taille de la barre<br \/>\n&#8211; inclinaison de la barre<br \/>\n&#8211; choix de consigne: mettre vertical ou horizontal<br \/>\n&#8211; pour le dynamique: sens et vitesse de rotation du fond visuel<br \/>\n&#8211; rod and frame: sens et quantit\u00e9 d\u2019inclinaison du carr\u00e9<\/p>\n\n\t\t<\/div> \n\t<\/div> \n\t\t<\/div> \n\t<\/div> \n<\/div><div class=\"vc_row-full-width\"><\/div>\t<div class=\"vc_row row\"  >\n\t<div class=\"vc_col-sm-6 wpb_column vc_column_container \">\n\t\t<div class=\"wpb_wrapper\">\n\t\t\t\n\t<div class=\"wpb_raw_code wpb_content_element wpb_raw_html\">\n\t\t<div class=\"wpb_wrapper\">\n\t\t\t<iframe width=\"100%\" height=\"315\" src=\"https:\/\/www.youtube.com\/embed\/hC5l11BNfGo?rel=0&amp;showinfo=0\" frameborder=\"0\" allowfullscreen><\/iframe>\n\t\t<\/div> \n\t<\/div> \n\t\t<\/div> \n\t<\/div> \n\n\t<div class=\"vc_col-sm-6 wpb_column vc_column_container \">\n\t\t<div class=\"wpb_wrapper\">\n\t\t\t\n\t<div class=\"wpb_text_column wpb_content_element \">\n\t\t<div class=\"wpb_wrapper\">\n\t\t\t<h2><span style=\"color: #519a2f;\">Gestion de dossier patient int\u00e9gr\u00e9e<\/span><b><br \/>\n<\/b><\/h2>\n<h3 style=\"font-size: 20px;\">tr\u00e8s pratique pour suivre la progression de vos patients<\/h3>\n<p>Gestion des dossiers patients pour suivre la progression dans le temps et noter d&rsquo;\u00e9ventuels commentaires. Comme sur tous nos logiciels, vous avez la gestion patient qui r\u00e9cup\u00e8re les informations et r\u00e9glages en fin de session avec votre patient et qui vous laisse la possibilit\u00e9 d&rsquo;ajouter modifier supprimer vos remarques.<\/p>\n<p>Ainsi que:<br \/>\n&#8211; mesure de l&rsquo;\u00e9cart pupillaire<br \/>\n&#8211; historique des sessions<br \/>\n&#8211; informations temps r\u00e9el pendant la session<\/p>\n\n\t\t<\/div> \n\t<\/div> \n\t\t<\/div> \n\t<\/div> \n<\/div><div class=\"vc_row-full-width\"><\/div>\t<div class=\"vc_row row\"  >\n\t<div class=\"vc_col-sm-6 wpb_column vc_column_container \">\n\t\t<div class=\"wpb_wrapper\">\n\t\t\t\n\t<div class=\"wpb_single_image wpb_content_element vc_align_left\">\n\t\t<div class=\"wpb_wrapper\">\n\t\t\t\n\t\t\t<div class=\"vc_single_image-wrapper   vc_box_border_grey\"><img width=\"555\" height=\"240\" src=\"http:\/\/www.vestibulus.com\/wp-content\/uploads\/2015\/05\/commande-manette-de-VestiVVS-pour-vertical-visuel-subjective.jpg\" class=\"vc_single_image-img attachment-full\" alt=\"\" loading=\"lazy\" srcset=\"http:\/\/www.vestibulus.com\/wp-content\/uploads\/2015\/05\/commande-manette-de-VestiVVS-pour-vertical-visuel-subjective.jpg 555w, http:\/\/www.vestibulus.com\/wp-content\/uploads\/2015\/05\/commande-manette-de-VestiVVS-pour-vertical-visuel-subjective-300x130.jpg 300w\" sizes=\"(max-width: 555px) 100vw, 555px\" \/><\/div>\n\t\t<\/div> \n\t<\/div> \n\t\t<\/div> \n\t<\/div> \n\n\t<div class=\"vc_col-sm-6 wpb_column vc_column_container \">\n\t\t<div class=\"wpb_wrapper\">\n\t\t\t\n\t<div class=\"wpb_text_column wpb_content_element \">\n\t\t<div class=\"wpb_wrapper\">\n\t\t\t<h2><span style=\"color: #519a00;\">Utilisation simple avec manette<\/span><b><br \/>\n<\/b><\/h2>\n<h3 style=\"font-size: 20px;\">pour le praticien comme pour le patient<\/h3>\n<p>le logiciel est coupl\u00e9 \u00e0 une manette de contr\u00f4le munie de deux joysticks, de dix boutons, vous permettant de contr\u00f4ler pr\u00e9cis\u00e9ment chacun des param\u00e8tres du logiciel en temps r\u00e9el.<\/p>\n\n\t\t<\/div> \n\t<\/div> \n\t\t<\/div> \n\t<\/div> \n<\/div><div class=\"vc_row-full-width\"><\/div>\t<div class=\"vc_row row\"  >\n\t<div class=\"vc_col-sm-6 wpb_column vc_column_container \">\n\t\t<div class=\"wpb_wrapper\">\n\t\t\t\n\t<div class=\"wpb_raw_code wpb_content_element wpb_raw_html\">\n\t\t<div class=\"wpb_wrapper\">\n\t\t\t<iframe width=\"100%\" height=\"315\" src=\"https:\/\/www.youtube.com\/embed\/oML_5nr9brI?rel=0&amp;showinfo=0&vq=hd720\" frameborder=\"0\" allowfullscreen><\/iframe>\n\t\t<\/div> \n\t<\/div> \n\t\t<\/div> \n\t<\/div> \n\n\t<div class=\"vc_col-sm-6 wpb_column vc_column_container \">\n\t\t<div class=\"wpb_wrapper\">\n\t\t\t\n\t<div class=\"wpb_text_column wpb_content_element \">\n\t\t<div class=\"wpb_wrapper\">\n\t\t\t<h2><span style=\"color: #519a00;\">Retour \u00e9cran du patient<\/span><\/h2>\n<h3 style=\"font-size: 20px;\">Vous voyez en direct sur votre \u00e9cran d\u2019ordinateur<\/h3>\n<p>Ce que votre patient voit dans l\u2019Oculus.<\/p>\n<p>Afin d\u2019\u00eatre bien conscient des r\u00e9glages faits sur les param\u00e8tres du logiciel.<\/p>\n\n\t\t<\/div> \n\t<\/div> \n\t\t<\/div> \n\t<\/div> \n<\/div><div class=\"vc_row-full-width\"><\/div>\t<div class=\"vc_row row\"  >\n\t<div class=\"vc_col-sm-6 wpb_column vc_column_container \">\n\t\t<div class=\"wpb_wrapper\">\n\t\t\t\n\t<div class=\"wpb_single_image wpb_content_element vc_align_left\">\n\t\t<div class=\"wpb_wrapper\">\n\t\t\t\n\t\t\t<div class=\"vc_single_image-wrapper   vc_box_border_grey\"><img width=\"555\" height=\"361\" src=\"http:\/\/www.vestibulus.com\/wp-content\/uploads\/2015\/05\/langue-vertical-visuel-subjective-de-VestiVVS.jpg\" class=\"vc_single_image-img attachment-full\" alt=\"\" loading=\"lazy\" srcset=\"http:\/\/www.vestibulus.com\/wp-content\/uploads\/2015\/05\/langue-vertical-visuel-subjective-de-VestiVVS.jpg 555w, http:\/\/www.vestibulus.com\/wp-content\/uploads\/2015\/05\/langue-vertical-visuel-subjective-de-VestiVVS-300x195.jpg 300w\" sizes=\"(max-width: 555px) 100vw, 555px\" \/><\/div>\n\t\t<\/div> \n\t<\/div> \n\t\t<\/div> \n\t<\/div> \n\n\t<div class=\"vc_col-sm-6 wpb_column vc_column_container \">\n\t\t<div class=\"wpb_wrapper\">\n\t\t\t\n\t<div class=\"wpb_text_column wpb_content_element \">\n\t\t<div class=\"wpb_wrapper\">\n\t\t\t<h2><span style=\"color: #519a00;\">Multilangue<\/span><\/h2>\n<h3 style=\"font-size: 20px;\">Disponible en Fran\u00e7ais, Anglais et Espagnol<\/h3>\n<p>Nous traduisons rapidement pour de nouvelles langues en fonction des besoins des praticiens<\/p>\n\n\t\t<\/div> \n\t<\/div> \n\t\t<\/div> \n\t<\/div> \n<\/div><div class=\"vc_row-full-width\"><\/div>\t<div class=\"vc_row row vc_custom_1433148578989\"  data-vc-full-width=\"true\" data-vc-stretch-content=\"true\" >\n\t<div class=\"vc_col-sm-12 wpb_column vc_column_container \">\n\t\t<div class=\"wpb_wrapper\">\n\t\t\t<div class=\"vc_empty_space\"  style=\"height: 60px\" ><span class=\"vc_empty_space_inner\"><\/span><\/div>\n\n\n\t<div class=\"wpb_text_column wpb_content_element \">\n\t\t<div class=\"wpb_wrapper\">\n\t\t\t<h2 style=\"text-align: center;\"><span style=\"color: #ffffff;\">D\u00c9MONSTRATION VID\u00c9O DU LOGICIEL VESTIVVS<\/span><\/h2>\n\n\t\t<\/div> \n\t<\/div> <div class=\"vc_empty_space\"  style=\"height: 30px\" ><span class=\"vc_empty_space_inner\"><\/span><\/div>\n\n\n\t\t<\/div> \n\t<\/div> \n<\/div><div class=\"vc_row-full-width\"><\/div>\t<div class=\"vc_row row\"  >\n\t<div class=\"vc_col-sm-12 wpb_column vc_column_container \">\n\t\t<div class=\"wpb_wrapper\">\n\t\t\t\n\t<div class=\"wpb_raw_code wpb_content_element wpb_raw_html\">\n\t\t<div class=\"wpb_wrapper\">\n\t\t\t<iframe width=\"100%\" height=\"640\" src=\"https:\/\/www.youtube.com\/embed\/WOgmS09-xpg?rel=0&amp;showinfo=0&vq=hd720\" frameborder=\"0\" allowfullscreen><\/iframe>\n\n\n\n\t\t<\/div> \n\t<\/div> \n\t\t<\/div> \n\t<\/div> \n<\/div><div class=\"vc_row-full-width\"><\/div>\t<div class=\"vc_row row vc_custom_1433148648390 vc_row-no-padding\"  data-vc-full-width=\"true\" data-vc-stretch-content=\"true\" ><\/div><div class=\"vc_row-full-width\"><\/div>\n\t<div class=\"vc_col-sm-12 wpb_column vc_column_container \">\n\t\t<div class=\"wpb_wrapper\">\n\t\t\t\n\t\t<\/div> \n\t<\/div> \n<div class=\"vc_empty_space\"  style=\"height: 60px\" ><span class=\"vc_empty_space_inner\"><\/span><\/div>\n\n\n\t<div class=\"wpb_text_column wpb_content_element \">\n\t\t<div class=\"wpb_wrapper\">\n\t\t\t\n\t\t<\/div> \n\t<\/div>\n","protected":false},"excerpt":{"rendered":"VestiVVS logiciel de VVS avec le casque de r\u00e9alit\u00e9 virtuelle Oculus VVS classique, VVS dynamique et Rod &amp; Frame dans le m\u00eame logiciel Tout en un La VVS classique, dynamique et Rod &amp; Frame Vous pouvez encha\u00eener les tests ou exercices de r\u00e9\u00e9ducation avec les trois versions de la VVS propos\u00e9s ce qui permet une prise en main facile et un gain de temps appr\u00e9ciable. Une technologie qui fait parler d'elle Vos patients vont parler de cette exp\u00e9rience \u00e0 leur&hellip;","protected":false},"author":9,"featured_media":0,"parent":0,"menu_order":0,"comment_status":"open","ping_status":"closed","template":"","meta":[],"_links":{"self":[{"href":"http:\/\/www.vestibulus.com\/index.php?rest_route=\/wp\/v2\/pages\/73"}],"collection":[{"href":"http:\/\/www.vestibulus.com\/index.php?rest_route=\/wp\/v2\/pages"}],"about":[{"href":"http:\/\/www.vestibulus.com\/index.php?rest_route=\/wp\/v2\/types\/page"}],"author":[{"embeddable":true,"href":"http:\/\/www.vestibulus.com\/index.php?rest_route=\/wp\/v2\/users\/9"}],"replies":[{"embeddable":true,"href":"http:\/\/www.vestibulus.com\/index.php?rest_route=%2Fwp%2Fv2%2Fcomments&post=73"}],"version-history":[{"count":71,"href":"http:\/\/www.vestibulus.com\/index.php?rest_route=\/wp\/v2\/pages\/73\/revisions"}],"predecessor-version":[{"id":1606,"href":"http:\/\/www.vestibulus.com\/index.php?rest_route=\/wp\/v2\/pages\/73\/revisions\/1606"}],"wp:attachment":[{"href":"http:\/\/www.vestibulus.com\/index.php?rest_route=%2Fwp%2Fv2%2Fmedia&parent=73"}],"curies":[{"name":"wp","href":"https:\/\/api.w.org\/{rel}","templated":true}]}}